{"id":2,"date":"2023-09-20T19:03:36","date_gmt":"2023-09-20T17:03:36","guid":{"rendered":"http:\/\/gbmqjkg.cluster028.hosting.ovh.net\/?page_id=2"},"modified":"2023-10-25T14:05:07","modified_gmt":"2023-10-25T12:05:07","slug":"page-d-exemple","status":"publish","type":"page","link":"https:\/\/blog.villyz.fr\/index.php\/page-d-exemple\/","title":{"rendered":"Qui sommes-nous ?"},"content":{"rendered":"\n<p><strong>Le Fondement et la Raison d&rsquo;\u00catre<\/strong><\/p>\n\n\n\n<p>Les territoires, qu&rsquo;ils soient urbains ou ruraux, sont le c\u0153ur battant de notre soci\u00e9t\u00e9. Ils repr\u00e9sentent notre avenir, et chez Villyz, nous avons une conviction profonde : l&rsquo;engagement citoyen est la cl\u00e9 du d\u00e9veloppement harmonieux de ces territoires. Voici pourquoi Villyz a \u00e9t\u00e9 fond\u00e9e et quelle est sa raison d&rsquo;\u00eatre.<\/p>\n\n\n\n<p><strong>Face aux D\u00e9fis des Territoires<\/strong><\/p>\n\n\n\n<p>Nous ne pouvons ignorer les d\u00e9fis majeurs auxquels nos territoires sont confront\u00e9s. La transition \u00e9cologique est devenue une n\u00e9cessit\u00e9, la d\u00e9sertification m\u00e9dicale un probl\u00e8me de sant\u00e9 publique, et le d\u00e9veloppement de l&rsquo;offre de transports et de logements est essentiel pour le bien-\u00eatre de tous. Ces enjeux ne sont pas uniquement le fardeau des autorit\u00e9s locales, mais des pr\u00e9occupations qui nous touchent tous en tant que citoyens.<\/p>\n\n\n\n<p><strong>Le Pouvoir de l&rsquo;Engagement Citoyen<\/strong><\/p>\n\n\n\n<p>Chez Villyz, nous croyons en la puissance de l&rsquo;engagement citoyen. Pourquoi ? Parce que les habitants d&rsquo;un territoire sont les premiers utilisateurs des politiques publiques. Ils vivent les cons\u00e9quences de ces d\u00e9cisions au quotidien. Leur voix, leur implication, sont cruciales pour fa\u00e7onner des politiques qui r\u00e9pondent v\u00e9ritablement \u00e0 leurs besoins et aspirations.<\/p>\n\n\n\n<p><strong>Chacun Peut Faire la Diff\u00e9rence<\/strong><\/p>\n\n\n\n<p>L&rsquo;un des piliers de Villyz est la conviction que l&rsquo;\u00e9pargne de chacun, quelle que soit sa taille, peut jouer un r\u00f4le significatif dans l&rsquo;investissement de l&rsquo;int\u00e9r\u00eat g\u00e9n\u00e9ral. Votre \u00e9pargne n&rsquo;est ni petite ni grande lorsqu&rsquo;il s&rsquo;agit de contribuer au bien-\u00eatre de votre communaut\u00e9. Chacun de nous a le pouvoir de faire une diff\u00e9rence, d&rsquo;apporter sa pierre \u00e0 l&rsquo;\u00e9difice du d\u00e9veloppement de nos territoires.<\/p>\n\n\n\n<p><strong>Travailler Main dans la Main avec les \u00c9lus<\/strong><\/p>\n\n\n\n<p>En partenariat avec les \u00e9lus locaux, nous sommes convaincus que les citoyens peuvent changer le visage de nos territoires. Villyz agit comme un pont entre les citoyens d\u00e9sireux de s&rsquo;engager dans leur communaut\u00e9 et les projets locaux n\u00e9cessitant un soutien financier. En travaillant main dans la main avec les \u00e9lus, nous contribuons \u00e0 concr\u00e9tiser des initiatives qui am\u00e9liorent la qualit\u00e9 de vie de tous.<\/p>\n\n\n\n<p><strong>La Vision de Villyz<\/strong><\/p>\n\n\n\n<p>Chez Villyz, notre vision est claire : nous croyons en un avenir o\u00f9 les citoyens sont des acteurs actifs du d\u00e9veloppement de leurs territoires. Nous croyons que l&rsquo;investissement citoyen est une force transformative, un moyen de fa\u00e7onner un avenir meilleur pour tous. Villyz existe pour donner vie \u00e0 cette vision, pour permettre \u00e0 chaque citoyen de participer activement \u00e0 la croissance harmonieuse de nos territoires. Notre raison d&rsquo;\u00eatre est votre engagement, et ensemble, nous changeons le visage de nos territoires pour le mieux.<\/p>\n","protected":false},"excerpt":{"rendered":"<p>Le Fondement et la Raison d&rsquo;\u00catre Les territoires, qu&rsquo;ils soient urbains ou ruraux, sont le c\u0153ur battant de notre soci\u00e9t\u00e9. Ils repr\u00e9sentent notre avenir, et chez Villyz, nous avons une conviction profonde : l&rsquo;engagement citoyen est la cl\u00e9 du d\u00e9veloppement harmonieux de ces territoires. Voici pourquoi Villyz a \u00e9t\u00e9 fond\u00e9e [&hellip;]<\/p>\n","protected":false},"author":1,"featured_media":0,"parent":0,"menu_order":0,"comment_status":"closed","ping_status":"open","template":"","meta":{"footnotes":""},"class_list":["post-2","page","type-page","status-publish","hentry"],"_links":{"self":[{"href":"https:\/\/blog.villyz.fr\/index.php\/wp-json\/wp\/v2\/pages\/2","targetHints":{"allow":["GET"]}}],"collection":[{"href":"https:\/\/blog.villyz.fr\/index.php\/wp-json\/wp\/v2\/pages"}],"about":[{"href":"https:\/\/blog.villyz.fr\/index.php\/wp-json\/wp\/v2\/types\/page"}],"author":[{"embeddable":true,"href":"https:\/\/blog.villyz.fr\/index.php\/wp-json\/wp\/v2\/users\/1"}],"replies":[{"embeddable":true,"href":"https:\/\/blog.villyz.fr\/index.php\/wp-json\/wp\/v2\/comments?post=2"}],"version-history":[{"count":3,"href":"https:\/\/blog.villyz.fr\/index.php\/wp-json\/wp\/v2\/pages\/2\/revisions"}],"predecessor-version":[{"id":59,"href":"https:\/\/blog.villyz.fr\/index.php\/wp-json\/wp\/v2\/pages\/2\/revisions\/59"}],"wp:attachment":[{"href":"https:\/\/blog.villyz.fr\/index.php\/wp-json\/wp\/v2\/media?parent=2"}],"curies":[{"name":"wp","href":"https:\/\/api.w.org\/{rel}","templated":true}]}}